{"id":8,"date":"2022-05-09T15:57:35","date_gmt":"2022-05-09T15:57:35","guid":{"rendered":"https:\/\/dysphagie-schwerpunkt-zentrum.de\/?page_id=8"},"modified":"2022-05-14T15:48:32","modified_gmt":"2022-05-14T15:48:32","slug":"aktuelles","status":"publish","type":"page","link":"https:\/\/dysphagie-schwerpunkt-zentrum.de\/?page_id=8","title":{"rendered":"Aktuelles"},"content":{"rendered":"<p>Gestalte Deine Zukunft neu! Bewirb Dich jetzt bei uns als<\/p>\n<p><img loading=\"lazy\" decoding=\"async\" class=\"alignnone size-full wp-image-96\" src=\"https:\/\/dysphagie-schwerpunkt-zentrum.de\/wp-content\/uploads\/2022\/05\/ausschreibung.jpg\" alt=\"\" width=\"1000\" height=\"316\" srcset=\"https:\/\/dysphagie-schwerpunkt-zentrum.de\/wp-content\/uploads\/2022\/05\/ausschreibung.jpg 1000w, https:\/\/dysphagie-schwerpunkt-zentrum.de\/wp-content\/uploads\/2022\/05\/ausschreibung-300x95.jpg 300w, https:\/\/dysphagie-schwerpunkt-zentrum.de\/wp-content\/uploads\/2022\/05\/ausschreibung-768x243.jpg 768w, https:\/\/dysphagie-schwerpunkt-zentrum.de\/wp-content\/uploads\/2022\/05\/ausschreibung-920x291.jpg 920w, https:\/\/dysphagie-schwerpunkt-zentrum.de\/wp-content\/uploads\/2022\/05\/ausschreibung-230x73.jpg 230w, https:\/\/dysphagie-schwerpunkt-zentrum.de\/wp-content\/uploads\/2022\/05\/ausschreibung-350x111.jpg 350w, https:\/\/dysphagie-schwerpunkt-zentrum.de\/wp-content\/uploads\/2022\/05\/ausschreibung-480x152.jpg 480w\" sizes=\"auto, (max-width: 1000px) 100vw, 1000px\" \/><\/p>\n<p>Wir sind ein erfolgreiches Unternehmen mit gro\u00dfem Patientenstamm. Unser Team besteht aus drei erfahrenen, engagierten und innovativen Logop\u00e4dInnen, ErgotherapeutInnen und PhysiotherapeutInnen.<\/p>\n<p>Wir kooperieren umfassend mit Krankenh\u00e4usern und anderen medizinischen Einrichtungen in Pirna, Dresden und Umgebung. Unser aktuellstes Projekt ist der Ausbau der Intensivtherapie in Pirna.<\/p>\n<p>Gegenseitige Unterst\u00fctzung und intensiver fachlicher Austausch untereinander sind f\u00fcr uns selbstverst\u00e4ndlich und haben auch im Rahmen regelm\u00e4\u00dfiger Teambesprechungen einen festen Platz.<\/p>\n<p>Du suchst eine neue verantwortungsvolle und abwechslungsreiche T\u00e4tigkeit in einem engagierten und motivierten Team? Oder wenn Du Wert auf ein famili\u00e4res und wertsch\u00e4tzendes Arbeitsverh\u00e4ltnis legst, dann erwartet Dich bei uns:<\/p>\n<p>&#8211; eine intensive Einarbeitungszeit mit fachlicher Unterst\u00fctzung \u2013 auch f\u00fcr Berufsanf\u00e4nger geeignet<br \/>\n&#8211; die Mitgestaltung in einem jungen Praxis-Team<br \/>\n&#8211; flexible, familienfreundliche Arbeitszeiten von montags bis freitags bei flexibler Zeiteinteilung<br \/>\n&#8211; eine unbefristete Anstellung mit attraktiver Bezahlung sowie 30 Tage Urlaub<br \/>\n&#8211; eine leistungsgerechte Bezahlung mit guten Sozialleistungen<br \/>\n&#8211; ein Team, in dem ein wertsch\u00e4tzender, respektvoller Umgang untereinander und mit den Patienten gepflegt wird<br \/>\n&#8211; gro\u00dfz\u00fcgige interne und externe Fortbildungsm\u00f6glichkeiten<br \/>\n&#8211; ein interdisziplinares Team mit M\u00f6glichkeit zum fachlichen Austausch<br \/>\n&#8211; modern ausgestattete R\u00e4umlichkeiten und aktuelle Diagnostik-\/Therapiematerialien<br \/>\n&#8211; bezahlte Vor- und Nacharbeitszeit sowie bezahlte Orga-Zeit f\u00fcr Berichte<\/p>\n<p>Wir w\u00fcnschen uns:<\/p>\n<p>&#8211; eine abgeschlossene Berufsausbildung zum Logop\u00e4den\/-in (m\/w\/d), Berufserfahrung ist keine Voraussetzung<br \/>\n&#8211; Verantwortungsbewusstsein sowie eine selbstst\u00e4ndige therapeutische und organisatorische Arbeitsweise<br \/>\n&#8211; Teamplayer mit kommunikativem und empathischem Umgang mit den Patienten sowie den Angeh\u00f6rigen<br \/>\n&#8211; Pers\u00f6nliches Engagement und Organisationsgeschick<br \/>\n&#8211; Ausdauer, Belastbarkeit und ein freundliches Auftreten<br \/>\n&#8211; Interesse an neurologischen St\u00f6rungsbildern (Dysphagie, Trachealkan\u00fclenmanagement, Aphasie und Dysarthrie)<br \/>\n&#8211; Kenntnisse in klinischer und instrumenteller Diagnostik und Therapie von Dysphagie<\/p>\n<p>Wir freuen uns auch \u00fcber Bewerbungen motivierter Berufsanf\u00e4nger\/-innen mit Fortbildungsbereitschaft.<\/p>\n<p>Wenn Du Dich angesprochen f\u00fchlst, bewirb Dich jetzt per Mail an:<\/p>\n<p><a href=\"mailto:buero@fachtherapiezentrum.de\">buero@fachtherapiezentrum.de<\/a><\/p>\n<p>Dysphagie-Schwerpunktzentrum-Dresden-S\u00e4chsische Schweiz-Osterzgebirge<br \/>\nArthur-Thiermann-Stra\u00dfe 22<br \/>\n01796 Pirna<\/p>\n","protected":false},"excerpt":{"rendered":"<p>Gestalte Deine Zukunft neu! Bewirb Dich jetzt bei uns als Wir sind [&hellip;]<\/p>\n","protected":false},"author":1,"featured_media":0,"parent":0,"menu_order":0,"comment_status":"closed","ping_status":"closed","template":"","meta":{"footnotes":""},"class_list":["post-8","page","type-page","status-publish","hentry"],"_links":{"self":[{"href":"https:\/\/dysphagie-schwerpunkt-zentrum.de\/index.php?rest_route=\/wp\/v2\/pages\/8","targetHints":{"allow":["GET"]}}],"collection":[{"href":"https:\/\/dysphagie-schwerpunkt-zentrum.de\/index.php?rest_route=\/wp\/v2\/pages"}],"about":[{"href":"https:\/\/dysphagie-schwerpunkt-zentrum.de\/index.php?rest_route=\/wp\/v2\/types\/page"}],"author":[{"embeddable":true,"href":"https:\/\/dysphagie-schwerpunkt-zentrum.de\/index.php?rest_route=\/wp\/v2\/users\/1"}],"replies":[{"embeddable":true,"href":"https:\/\/dysphagie-schwerpunkt-zentrum.de\/index.php?rest_route=%2Fwp%2Fv2%2Fcomments&post=8"}],"version-history":[{"count":14,"href":"https:\/\/dysphagie-schwerpunkt-zentrum.de\/index.php?rest_route=\/wp\/v2\/pages\/8\/revisions"}],"predecessor-version":[{"id":97,"href":"https:\/\/dysphagie-schwerpunkt-zentrum.de\/index.php?rest_route=\/wp\/v2\/pages\/8\/revisions\/97"}],"wp:attachment":[{"href":"https:\/\/dysphagie-schwerpunkt-zentrum.de\/index.php?rest_route=%2Fwp%2Fv2%2Fmedia&parent=8"}],"curies":[{"name":"wp","href":"https:\/\/api.w.org\/{rel}","templated":true}]}}