{"id":15,"date":"2022-05-09T15:59:18","date_gmt":"2022-05-09T15:59:18","guid":{"rendered":"https:\/\/dysphagie-schwerpunkt-zentrum.de\/?page_id=15"},"modified":"2022-05-14T17:37:40","modified_gmt":"2022-05-14T17:37:40","slug":"team","status":"publish","type":"page","link":"https:\/\/dysphagie-schwerpunkt-zentrum.de\/?page_id=15","title":{"rendered":"Team"},"content":{"rendered":"<p>Logop\u00e4die<\/p>\n<p style=\"padding-left: 80px;\">Antje Lohse<\/p>\n<p style=\"padding-left: 120px;\">Fachliche Leitung<br \/>\nStaatlich anerkannte Logop\u00e4din<br \/>\nFachtherapeutin f\u00fcr Dysphagie und Trachealkan\u00fclenmanagement<br \/>\nFachtherapeutin f\u00fcr Au\u00dferklinische Be-\/Atmung<br \/>\nFachtherapeutin f\u00fcr Kognitives Training<\/p>\n<p style=\"padding-left: 80px;\">Lisa Krusche<\/p>\n<p style=\"padding-left: 120px;\">Patholinguistin B.Sc.<br \/>\nFachtherapeutin f\u00fcr Dysphagie<\/p>\n<p>&nbsp;<\/p>\n<p>Ergotherapie<\/p>\n","protected":false},"excerpt":{"rendered":"<p>Logop\u00e4die Antje Lohse Fachliche Leitung Staatlich anerkannte Logop\u00e4din Fachtherapeutin f\u00fcr Dysphagie und [&hellip;]<\/p>\n","protected":false},"author":1,"featured_media":0,"parent":0,"menu_order":0,"comment_status":"closed","ping_status":"closed","template":"","meta":{"footnotes":""},"class_list":["post-15","page","type-page","status-publish","hentry"],"_links":{"self":[{"href":"https:\/\/dysphagie-schwerpunkt-zentrum.de\/index.php?rest_route=\/wp\/v2\/pages\/15","targetHints":{"allow":["GET"]}}],"collection":[{"href":"https:\/\/dysphagie-schwerpunkt-zentrum.de\/index.php?rest_route=\/wp\/v2\/pages"}],"about":[{"href":"https:\/\/dysphagie-schwerpunkt-zentrum.de\/index.php?rest_route=\/wp\/v2\/types\/page"}],"author":[{"embeddable":true,"href":"https:\/\/dysphagie-schwerpunkt-zentrum.de\/index.php?rest_route=\/wp\/v2\/users\/1"}],"replies":[{"embeddable":true,"href":"https:\/\/dysphagie-schwerpunkt-zentrum.de\/index.php?rest_route=%2Fwp%2Fv2%2Fcomments&post=15"}],"version-history":[{"count":5,"href":"https:\/\/dysphagie-schwerpunkt-zentrum.de\/index.php?rest_route=\/wp\/v2\/pages\/15\/revisions"}],"predecessor-version":[{"id":121,"href":"https:\/\/dysphagie-schwerpunkt-zentrum.de\/index.php?rest_route=\/wp\/v2\/pages\/15\/revisions\/121"}],"wp:attachment":[{"href":"https:\/\/dysphagie-schwerpunkt-zentrum.de\/index.php?rest_route=%2Fwp%2Fv2%2Fmedia&parent=15"}],"curies":[{"name":"wp","href":"https:\/\/api.w.org\/{rel}","templated":true}]}}