{"id":122,"date":"2022-05-15T06:55:54","date_gmt":"2022-05-15T06:55:54","guid":{"rendered":"https:\/\/dysphagie-schwerpunkt-zentrum.de\/?page_id=122"},"modified":"2022-05-15T06:55:54","modified_gmt":"2022-05-15T06:55:54","slug":"impressum","status":"publish","type":"page","link":"https:\/\/dysphagie-schwerpunkt-zentrum.de\/?page_id=122","title":{"rendered":"Impressum"},"content":{"rendered":"<p><strong>Impressum <\/strong><\/p>\n<p><u>S\u00f6ren Paul M.Sc.<\/u><br \/>\nLogop\u00e4de, Therapiewissenschaftler<\/p>\n<p>Fetscherplatz 2a, 01307 Dresden<\/p>\n<p>Telefon: 0351 \u2013 56 37 154 und 0351 \u2013 20 88 086<\/p>\n<p>E-Mail: <a href=\"mailto:info@logopaul.de\">info@logopaul.de<\/a><br \/>\nInternet: <a href=\"http:\/\/www.logopaul.de\">www.logopaul.de<\/a><\/p>\n<p><strong>Verantwortlich f\u00fcr den Inhalt<\/strong><\/p>\n<p>S\u00f6ren Paul M.Sc.<\/p>\n<p><strong>Design und Konzeption<\/strong><\/p>\n<p>Patrick Wagner<\/p>\n<p><strong>Rechtliche Hinweise<\/strong><\/p>\n<p>Die Inhalte dieser Webseite wurden von uns nach bestem Wissen bereitgestellt. Wir k\u00f6nnen jedoch keine Garantie f\u00fcr deren Aktualit\u00e4t und Vollst\u00e4ndigkeit \u00fcbernehmen. Haftungsanspr\u00fcche aus etwaigen fehlerhaften Angaben sind ausgeschlossen, soweit es sich nicht um ein grob fahrl\u00e4ssiges Verhalten handelt. Weiterhin behalten wir uns ausdr\u00fccklich vor, Inhalte dieser Webseite zu ver\u00e4ndern oder zu entfernen.<\/p>\n<p>Trotz sorgf\u00e4ltiger inhaltlicher Kontrolle \u00fcbernehmen wir keine Haftung f\u00fcr die Inhalte externer Webseiten, auf die durch einen Link verwiesen wird. F\u00fcr den Inhalt dieser Seiten sind ausschlie\u00dflich deren Betreiber verantwortlich.<\/p>\n<p><strong>Bildquellen<\/strong><\/p>\n<p>S\u00f6ren Paul M.Sc., <a href=\"https:\/\/www.flickr.com\/photos\/annalena0815\/\">Anna-Lena K\u00f6nig<\/a>, <a href=\"https:\/\/www.flickr.com\/photos\/svenwerk\/\">svenwerk<\/a> , <a href=\"https:\/\/www.flickr.com\/photos\/pio1976\/\">Pietro Bellini<\/a>, <a href=\"https:\/\/www.flickr.com\/photos\/mariano-mantel\/\">Mariano Mantel<\/a>, <a href=\"https:\/\/www.flickr.com\/photos\/katzac\/\">K.<\/a>, <a href=\"https:\/\/www.flickr.com\/photos\/gaelvaroquaux\/\">Gael Varoquaux<\/a>, <a href=\"https:\/\/www.flickr.com\/photos\/7944769@N03\/\">dotmatchbox<\/a>, <a href=\"https:\/\/www.flickr.com\/photos\/twicepix\/\">Martin Abegglen<\/a>,\u00a0 \u00a0+ Quellen der Bilder<\/p>\n","protected":false},"excerpt":{"rendered":"<p>Impressum S\u00f6ren Paul M.Sc. Logop\u00e4de, Therapiewissenschaftler Fetscherplatz 2a, 01307 Dresden Telefon: 0351 [&hellip;]<\/p>\n","protected":false},"author":1,"featured_media":0,"parent":0,"menu_order":0,"comment_status":"closed","ping_status":"closed","template":"","meta":{"footnotes":""},"class_list":["post-122","page","type-page","status-publish","hentry"],"_links":{"self":[{"href":"https:\/\/dysphagie-schwerpunkt-zentrum.de\/index.php?rest_route=\/wp\/v2\/pages\/122","targetHints":{"allow":["GET"]}}],"collection":[{"href":"https:\/\/dysphagie-schwerpunkt-zentrum.de\/index.php?rest_route=\/wp\/v2\/pages"}],"about":[{"href":"https:\/\/dysphagie-schwerpunkt-zentrum.de\/index.php?rest_route=\/wp\/v2\/types\/page"}],"author":[{"embeddable":true,"href":"https:\/\/dysphagie-schwerpunkt-zentrum.de\/index.php?rest_route=\/wp\/v2\/users\/1"}],"replies":[{"embeddable":true,"href":"https:\/\/dysphagie-schwerpunkt-zentrum.de\/index.php?rest_route=%2Fwp%2Fv2%2Fcomments&post=122"}],"version-history":[{"count":1,"href":"https:\/\/dysphagie-schwerpunkt-zentrum.de\/index.php?rest_route=\/wp\/v2\/pages\/122\/revisions"}],"predecessor-version":[{"id":123,"href":"https:\/\/dysphagie-schwerpunkt-zentrum.de\/index.php?rest_route=\/wp\/v2\/pages\/122\/revisions\/123"}],"wp:attachment":[{"href":"https:\/\/dysphagie-schwerpunkt-zentrum.de\/index.php?rest_route=%2Fwp%2Fv2%2Fmedia&parent=122"}],"curies":[{"name":"wp","href":"https:\/\/api.w.org\/{rel}","templated":true}]}}