{"id":12,"date":"2022-05-09T15:58:05","date_gmt":"2022-05-09T15:58:05","guid":{"rendered":"https:\/\/dysphagie-schwerpunkt-zentrum.de\/?page_id=12"},"modified":"2022-05-14T15:31:25","modified_gmt":"2022-05-14T15:31:25","slug":"intensivtherapie","status":"publish","type":"page","link":"https:\/\/dysphagie-schwerpunkt-zentrum.de\/?page_id=12","title":{"rendered":"Intensivtherapie"},"content":{"rendered":"<p><b>Logop\u00e4dische Intensivtherapie<\/b><\/p>\n<p>Wir machen fast alles m\u00f6glich und k\u00f6nnen noch viel mehr!Wir freuen uns, Sie bei uns begr\u00fc\u00dfen zu d\u00fcrfen und Ihnen als Fachtherapeuten f\u00fcr die Zeit von 2-3 Wochen eine ganz auf Sie zugeschnittene Therapie anbieten zu k\u00f6nnen.<\/p>\n<p>In den R\u00e4umlichkeiten der Wohnanlage \u201eGrauer Storch\u201c bieten wir zielgerichtet und fachlich fundierte Therapie f\u00fcr den Behandlungsschwerpunkt schluckgest\u00f6rter Patienten.<\/p>\n<p><img loading=\"lazy\" decoding=\"async\" class=\"alignnone size-full wp-image-88\" src=\"https:\/\/dysphagie-schwerpunkt-zentrum.de\/wp-content\/uploads\/2022\/05\/zimmer1_1200.jpg\" alt=\"\" width=\"1200\" height=\"555\" srcset=\"https:\/\/dysphagie-schwerpunkt-zentrum.de\/wp-content\/uploads\/2022\/05\/zimmer1_1200.jpg 1200w, https:\/\/dysphagie-schwerpunkt-zentrum.de\/wp-content\/uploads\/2022\/05\/zimmer1_1200-300x139.jpg 300w, https:\/\/dysphagie-schwerpunkt-zentrum.de\/wp-content\/uploads\/2022\/05\/zimmer1_1200-1024x474.jpg 1024w, https:\/\/dysphagie-schwerpunkt-zentrum.de\/wp-content\/uploads\/2022\/05\/zimmer1_1200-768x355.jpg 768w, https:\/\/dysphagie-schwerpunkt-zentrum.de\/wp-content\/uploads\/2022\/05\/zimmer1_1200-920x426.jpg 920w, https:\/\/dysphagie-schwerpunkt-zentrum.de\/wp-content\/uploads\/2022\/05\/zimmer1_1200-230x106.jpg 230w, https:\/\/dysphagie-schwerpunkt-zentrum.de\/wp-content\/uploads\/2022\/05\/zimmer1_1200-350x162.jpg 350w, https:\/\/dysphagie-schwerpunkt-zentrum.de\/wp-content\/uploads\/2022\/05\/zimmer1_1200-480x222.jpg 480w\" sizes=\"auto, (max-width: 1200px) 100vw, 1200px\" \/><\/p>\n<p>Neben standardisierter oder modellorientierter Diagnostik steht Ihnen zus\u00e4tzlich die M\u00f6glichkeit bildgebender Untersuchungsverfahren zur Verf\u00fcgung, um ein umfassendes Behandlungskonzept zu erstellen.<\/p>\n<p>\u00dcber unterschiedliche therapeutische Techniken in der funktionellen und manuellen Therapie schaffen wir eine individuelle und systematisch ausgerichtete Versorgung.<\/p>\n<p>Ihnen und Ihren Angeh\u00f6rigen stehen wir dazu beratend und aufkl\u00e4rend zur Seite, sind sowohl Netzwerkschnittstelle zwischen behandelnden \u00c4rzten und anderen Therapeuten als auch weiteren Hilfsmittelversorgern.<\/p>\n<p>Die interdisziplin\u00e4re Zusammenarbeit steht neben der Behandlung an erster Stelle.<\/p>\n<p><img loading=\"lazy\" decoding=\"async\" class=\"alignnone size-full wp-image-89\" src=\"https:\/\/dysphagie-schwerpunkt-zentrum.de\/wp-content\/uploads\/2022\/05\/zimmer2_1200.jpg\" alt=\"\" width=\"1200\" height=\"555\" srcset=\"https:\/\/dysphagie-schwerpunkt-zentrum.de\/wp-content\/uploads\/2022\/05\/zimmer2_1200.jpg 1200w, https:\/\/dysphagie-schwerpunkt-zentrum.de\/wp-content\/uploads\/2022\/05\/zimmer2_1200-300x139.jpg 300w, https:\/\/dysphagie-schwerpunkt-zentrum.de\/wp-content\/uploads\/2022\/05\/zimmer2_1200-1024x474.jpg 1024w, https:\/\/dysphagie-schwerpunkt-zentrum.de\/wp-content\/uploads\/2022\/05\/zimmer2_1200-768x355.jpg 768w, https:\/\/dysphagie-schwerpunkt-zentrum.de\/wp-content\/uploads\/2022\/05\/zimmer2_1200-920x426.jpg 920w, https:\/\/dysphagie-schwerpunkt-zentrum.de\/wp-content\/uploads\/2022\/05\/zimmer2_1200-230x106.jpg 230w, https:\/\/dysphagie-schwerpunkt-zentrum.de\/wp-content\/uploads\/2022\/05\/zimmer2_1200-350x162.jpg 350w, https:\/\/dysphagie-schwerpunkt-zentrum.de\/wp-content\/uploads\/2022\/05\/zimmer2_1200-480x222.jpg 480w\" sizes=\"auto, (max-width: 1200px) 100vw, 1200px\" \/><\/p>\n<p>Zus\u00e4tzlich bieten wir Ern\u00e4hrungsberatung und \u2013begleitung.<\/p>\n<p>Sollten Sie mit einer Trachealkan\u00fcle versorgt sein, sind wir ein kompetentes Team, welches Sie im therapeutischen Trachealkan\u00fclenmanagement versorgt, Optimierungsm\u00f6glichkeiten auslotet und Pflegepersonal oder andere Betreuungspersonen im Umgang mit einer Trachealkan\u00fcle anleitet.<\/p>\n<p>In famili\u00e4rer Atmosph\u00e4re steht Ihnen ein eigenes Zimmer mit Bad zur Verf\u00fcgung, wo Sie im Tagesablauf ausreichend Ruhe- und Pausenzeiten genie\u00dfen k\u00f6nnen.<\/p>\n<p>Rund um die Uhr steht Ihnen ein Ansprechpartner zur Verf\u00fcgung, auch f\u00fcr leichte pflegerische Ma\u00dfnahmen.<\/p>\n<p><img loading=\"lazy\" decoding=\"async\" class=\"alignnone size-full wp-image-91\" src=\"https:\/\/dysphagie-schwerpunkt-zentrum.de\/wp-content\/uploads\/2022\/05\/bad_1200.jpg\" alt=\"\" width=\"1200\" height=\"555\" srcset=\"https:\/\/dysphagie-schwerpunkt-zentrum.de\/wp-content\/uploads\/2022\/05\/bad_1200.jpg 1200w, https:\/\/dysphagie-schwerpunkt-zentrum.de\/wp-content\/uploads\/2022\/05\/bad_1200-300x139.jpg 300w, https:\/\/dysphagie-schwerpunkt-zentrum.de\/wp-content\/uploads\/2022\/05\/bad_1200-1024x474.jpg 1024w, https:\/\/dysphagie-schwerpunkt-zentrum.de\/wp-content\/uploads\/2022\/05\/bad_1200-768x355.jpg 768w, https:\/\/dysphagie-schwerpunkt-zentrum.de\/wp-content\/uploads\/2022\/05\/bad_1200-920x426.jpg 920w, https:\/\/dysphagie-schwerpunkt-zentrum.de\/wp-content\/uploads\/2022\/05\/bad_1200-230x106.jpg 230w, https:\/\/dysphagie-schwerpunkt-zentrum.de\/wp-content\/uploads\/2022\/05\/bad_1200-350x162.jpg 350w, https:\/\/dysphagie-schwerpunkt-zentrum.de\/wp-content\/uploads\/2022\/05\/bad_1200-480x222.jpg 480w\" sizes=\"auto, (max-width: 1200px) 100vw, 1200px\" \/><\/p>\n<p>Sie k\u00f6nnen au\u00dferhalb der Therapie tagesaktuelle Angebote der Pflege im Haus nutzen oder den l\u00e4ndlichen Charme des Mocketals der Stadt Pirna genie\u00dfen.<\/p>\n","protected":false},"excerpt":{"rendered":"<p>Logop\u00e4dische Intensivtherapie Wir machen fast alles m\u00f6glich und k\u00f6nnen noch viel mehr!Wir [&hellip;]<\/p>\n","protected":false},"author":1,"featured_media":0,"parent":0,"menu_order":0,"comment_status":"closed","ping_status":"closed","template":"","meta":{"footnotes":""},"class_list":["post-12","page","type-page","status-publish","hentry"],"_links":{"self":[{"href":"https:\/\/dysphagie-schwerpunkt-zentrum.de\/index.php?rest_route=\/wp\/v2\/pages\/12","targetHints":{"allow":["GET"]}}],"collection":[{"href":"https:\/\/dysphagie-schwerpunkt-zentrum.de\/index.php?rest_route=\/wp\/v2\/pages"}],"about":[{"href":"https:\/\/dysphagie-schwerpunkt-zentrum.de\/index.php?rest_route=\/wp\/v2\/types\/page"}],"author":[{"embeddable":true,"href":"https:\/\/dysphagie-schwerpunkt-zentrum.de\/index.php?rest_route=\/wp\/v2\/users\/1"}],"replies":[{"embeddable":true,"href":"https:\/\/dysphagie-schwerpunkt-zentrum.de\/index.php?rest_route=%2Fwp%2Fv2%2Fcomments&post=12"}],"version-history":[{"count":10,"href":"https:\/\/dysphagie-schwerpunkt-zentrum.de\/index.php?rest_route=\/wp\/v2\/pages\/12\/revisions"}],"predecessor-version":[{"id":23,"href":"https:\/\/dysphagie-schwerpunkt-zentrum.de\/index.php?rest_route=\/wp\/v2\/pages\/12\/revisions\/23"}],"wp:attachment":[{"href":"https:\/\/dysphagie-schwerpunkt-zentrum.de\/index.php?rest_route=%2Fwp%2Fv2%2Fmedia&parent=12"}],"curies":[{"name":"wp","href":"https:\/\/api.w.org\/{rel}","templated":true}]}}