{"id":10,"date":"2022-05-09T15:57:49","date_gmt":"2022-05-09T15:57:49","guid":{"rendered":"https:\/\/dysphagie-schwerpunkt-zentrum.de\/?page_id=10"},"modified":"2022-05-14T14:25:21","modified_gmt":"2022-05-14T14:25:21","slug":"leistungen","status":"publish","type":"page","link":"https:\/\/dysphagie-schwerpunkt-zentrum.de\/?page_id=10","title":{"rendered":"Leistungen"},"content":{"rendered":"<p>Schlucktherapie:<\/p>\n<ul>\n<li style=\"list-style-type: none;\">\n<ul>\n<li>Schluckst\u00f6rungen im Rahmen neurologischer Erkrankungen<\/li>\n<li>Schluckst\u00f6rungen im Rahmen onkologischer Erkrankungen<\/li>\n<li>Schluckst\u00f6rungen im Rahmen orthop\u00e4discher Erkrankungen<\/li>\n<li>Schluckst\u00f6rungen unklarer Herkunft<\/li>\n<\/ul>\n<\/li>\n<\/ul>\n<p><strong>AUCH ALS INTENSIVTHERAPIE BEI UNS IM HAUS M\u00d6GLICH<\/strong><\/p>\n<p>&nbsp;<\/p>\n<p>Schluckdiagnostik:<\/p>\n<ul>\n<li style=\"list-style-type: none;\">\n<ul>\n<li>Klinische Befundung von Schluckst\u00f6rung<\/li>\n<li>Durchf\u00fchrung der FEES (fiberendoskopischen Evaluation des Schluckens)<\/li>\n<li>Alle Diagnostiken sind auch im Hausbesuch m\u00f6glich<\/li>\n<\/ul>\n<\/li>\n<\/ul>\n<p>&nbsp;<\/p>\n<p>Trachealkan\u00fclenmanagement:<\/p>\n<ul>\n<li style=\"list-style-type: none;\">\n<ul>\n<li>Optimierung der Kan\u00fclenversorgung<\/li>\n<li>Unterst\u00fctzung bei Dekan\u00fclement<\/li>\n<\/ul>\n<\/li>\n<\/ul>\n<p><strong>AUCH ALS INTENSIVTHERAPIE BEI UNS IM HAUS M\u00d6GLICH<\/strong><\/p>\n<p>&nbsp;<\/p>\n<p>Sprachtherapie<\/p>\n<ul>\n<li style=\"list-style-type: none;\">\n<ul>\n<li>Aphasien<\/li>\n<li>Kognitive Dysphasien<\/li>\n<li>Schwere und schwerste Kommunikationsst\u00f6rungen<\/li>\n<li>Sprachst\u00f6rung nach Sch\u00e4del-Hirn-Trauma<\/li>\n<\/ul>\n<\/li>\n<\/ul>\n<p><strong>AUCH ALS INTENSIVTHERAPIE BEI UNS IM HAUS M\u00d6GLICH<\/strong><\/p>\n<p>Sprechtherapie<\/p>\n<ul>\n<li style=\"list-style-type: none;\">\n<ul>\n<li>Dysarthrien \u2013 Sprechst\u00f6rung bei neurologischen Erkrankungen<\/li>\n<li>Dysglossien \u2013 Sprechst\u00f6rungen bei onkologischen Erkrankungen<\/li>\n<\/ul>\n<\/li>\n<\/ul>\n<p><strong>AUCH ALS INTENSIVTHERAPIE BEI UNS IM HAUS M\u00d6GLICH<\/strong><\/p>\n<p>&nbsp;<\/p>\n<p>Stimmtherapie<\/p>\n<ul>\n<li style=\"list-style-type: none;\">\n<ul>\n<li>Dysphonien<\/li>\n<li>Dysarthrophonien<\/li>\n<li>Stimmtherapie bei Laryngektomie<\/li>\n<\/ul>\n<\/li>\n<\/ul>\n<p>&nbsp;<\/p>\n<p>Kindertherapie<\/p>\n<ul>\n<li style=\"list-style-type: none;\">\n<ul>\n<li>Sprachentwicklungsst\u00f6rungen<\/li>\n<li>Sprachentwicklungsverz\u00f6gerungen<\/li>\n<li>Artikulationsst\u00f6rungen<\/li>\n<li>Myofunktionelle St\u00f6rungen<\/li>\n<li>Kindliche Stimmst\u00f6rungen<\/li>\n<li>Auditive Verarbeitungs- und Wahrnehmungsst\u00f6rungen (AVWS)<\/li>\n<li>Leserechtschreibschw\u00e4che<\/li>\n<\/ul>\n<\/li>\n<\/ul>\n","protected":false},"excerpt":{"rendered":"<p>Schlucktherapie: Schluckst\u00f6rungen im Rahmen neurologischer Erkrankungen Schluckst\u00f6rungen im Rahmen onkologischer Erkrankungen Schluckst\u00f6rungen [&hellip;]<\/p>\n","protected":false},"author":1,"featured_media":0,"parent":0,"menu_order":0,"comment_status":"closed","ping_status":"closed","template":"","meta":{"footnotes":""},"class_list":["post-10","page","type-page","status-publish","hentry"],"_links":{"self":[{"href":"https:\/\/dysphagie-schwerpunkt-zentrum.de\/index.php?rest_route=\/wp\/v2\/pages\/10","targetHints":{"allow":["GET"]}}],"collection":[{"href":"https:\/\/dysphagie-schwerpunkt-zentrum.de\/index.php?rest_route=\/wp\/v2\/pages"}],"about":[{"href":"https:\/\/dysphagie-schwerpunkt-zentrum.de\/index.php?rest_route=\/wp\/v2\/types\/page"}],"author":[{"embeddable":true,"href":"https:\/\/dysphagie-schwerpunkt-zentrum.de\/index.php?rest_route=\/wp\/v2\/users\/1"}],"replies":[{"embeddable":true,"href":"https:\/\/dysphagie-schwerpunkt-zentrum.de\/index.php?rest_route=%2Fwp%2Fv2%2Fcomments&post=10"}],"version-history":[{"count":4,"href":"https:\/\/dysphagie-schwerpunkt-zentrum.de\/index.php?rest_route=\/wp\/v2\/pages\/10\/revisions"}],"predecessor-version":[{"id":64,"href":"https:\/\/dysphagie-schwerpunkt-zentrum.de\/index.php?rest_route=\/wp\/v2\/pages\/10\/revisions\/64"}],"wp:attachment":[{"href":"https:\/\/dysphagie-schwerpunkt-zentrum.de\/index.php?rest_route=%2Fwp%2Fv2%2Fmedia&parent=10"}],"curies":[{"name":"wp","href":"https:\/\/api.w.org\/{rel}","templated":true}]}}